{"id":431,"date":"2026-01-02T12:27:32","date_gmt":"2026-01-02T15:27:32","guid":{"rendered":"https:\/\/vibraenarmonia.cl\/?page_id=431"},"modified":"2026-01-09T10:47:11","modified_gmt":"2026-01-09T13:47:11","slug":"belleza-y-bienestar","status":"publish","type":"page","link":"https:\/\/vibraenarmonia.cl\/?page_id=431","title":{"rendered":"BELLEZA Y BIENESTAR"},"content":{"rendered":"\n<div class=\"wp-block-columns is-layout-flex wp-container-core-columns-is-layout-28f84493 wp-block-columns-is-layout-flex\">\n<div class=\"wp-block-column is-layout-flow wp-block-column-is-layout-flow\">\n<figure class=\"wp-block-video\"><video height=\"480\" style=\"aspect-ratio: 854 \/ 480;\" width=\"854\" autoplay controls loop muted src=\"https:\/\/vibraenarmonia.cl\/wp-content\/uploads\/2026\/01\/0108.mp4\" playsinline><\/video><\/figure>\n<\/div>\n\n\n\n<div class=\"wp-block-column is-layout-flow wp-block-column-is-layout-flow\"><\/div>\n<\/div>\n\n\n\n<div class=\"wp-block-columns is-layout-flex wp-container-core-columns-is-layout-28f84493 wp-block-columns-is-layout-flex\">\n<div class=\"wp-block-column is-layout-flow wp-block-column-is-layout-flow\">\n<p class=\"has-text-align-center\">MANICURA<\/p>\n\n\n\n<p>Tratamiento dedicado al cuidado est\u00e9tico y saludable de tus manos y u\u00f1as.<\/p>\n\n\n\n<p>Beneficios:<\/p>\n\n\n\n<p>Mejora la apariencia y limpieza de las u\u00f1as.<\/p>\n\n\n\n<p>Fortalece las u\u00f1as y previene quiebres.<\/p>\n\n\n\n<p>Aporta una sensaci\u00f3n de relajaci\u00f3n y bienestar.<\/p>\n<\/div>\n\n\n\n<div class=\"wp-block-column is-layout-flow wp-block-column-is-layout-flow\"><\/div>\n<\/div>\n","protected":false},"excerpt":{"rendered":"<p>MANICURA Tratamiento dedicado al cuidado est\u00e9tico y saludable de tus manos y u\u00f1as. Beneficios: Mejora la apariencia y limpieza de las u\u00f1as. Fortalece las u\u00f1as y previene quiebres. Aporta una sensaci\u00f3n de relajaci\u00f3n y bienestar.<\/p>\n","protected":false},"author":3,"featured_media":0,"parent":0,"menu_order":0,"comment_status":"closed","ping_status":"closed","template":"","meta":{"footnotes":""},"class_list":["post-431","page","type-page","status-publish","hentry"],"_links":{"self":[{"href":"https:\/\/vibraenarmonia.cl\/index.php?rest_route=\/wp\/v2\/pages\/431","targetHints":{"allow":["GET"]}}],"collection":[{"href":"https:\/\/vibraenarmonia.cl\/index.php?rest_route=\/wp\/v2\/pages"}],"about":[{"href":"https:\/\/vibraenarmonia.cl\/index.php?rest_route=\/wp\/v2\/types\/page"}],"author":[{"embeddable":true,"href":"https:\/\/vibraenarmonia.cl\/index.php?rest_route=\/wp\/v2\/users\/3"}],"replies":[{"embeddable":true,"href":"https:\/\/vibraenarmonia.cl\/index.php?rest_route=%2Fwp%2Fv2%2Fcomments&post=431"}],"version-history":[{"count":3,"href":"https:\/\/vibraenarmonia.cl\/index.php?rest_route=\/wp\/v2\/pages\/431\/revisions"}],"predecessor-version":[{"id":631,"href":"https:\/\/vibraenarmonia.cl\/index.php?rest_route=\/wp\/v2\/pages\/431\/revisions\/631"}],"wp:attachment":[{"href":"https:\/\/vibraenarmonia.cl\/index.php?rest_route=%2Fwp%2Fv2%2Fmedia&parent=431"}],"curies":[{"name":"wp","href":"https:\/\/api.w.org\/{rel}","templated":true}]}}