{"id":419,"date":"2026-01-02T12:25:14","date_gmt":"2026-01-02T15:25:14","guid":{"rendered":"https:\/\/vibraenarmonia.cl\/?page_id=419"},"modified":"2026-01-19T09:30:48","modified_gmt":"2026-01-19T12:30:48","slug":"relajacion-y-amonia","status":"publish","type":"page","link":"https:\/\/vibraenarmonia.cl\/?page_id=419","title":{"rendered":"RELAJACI\u00d3N Y ARMON\u00cdA"},"content":{"rendered":"\n<div class=\"wp-block-columns is-layout-flex wp-container-core-columns-is-layout-28f84493 wp-block-columns-is-layout-flex\">\n<div class=\"wp-block-column is-layout-flow wp-block-column-is-layout-flow\">\n<figure class=\"wp-block-video\"><video height=\"480\" style=\"aspect-ratio: 854 \/ 480;\" width=\"854\" autoplay controls loop muted src=\"https:\/\/vibraenarmonia.cl\/wp-content\/uploads\/2026\/01\/1224.mp4\" playsinline><\/video><\/figure>\n<\/div>\n\n\n\n<div class=\"wp-block-column is-layout-flow wp-block-column-is-layout-flow\">\n<figure class=\"wp-block-video\"><video height=\"480\" style=\"aspect-ratio: 854 \/ 480;\" width=\"854\" autoplay controls loop muted src=\"https:\/\/vibraenarmonia.cl\/wp-content\/uploads\/2026\/01\/1225.mp4\" playsinline><\/video><\/figure>\n<\/div>\n<\/div>\n\n\n\n<div class=\"wp-block-columns is-layout-flex wp-container-core-columns-is-layout-28f84493 wp-block-columns-is-layout-flex\">\n<div class=\"wp-block-column is-layout-flow wp-block-column-is-layout-flow\">\n<p class=\"has-text-align-center\"><mark style=\"background-color:rgba(0, 0, 0, 0)\" class=\"has-inline-color has-primary-color\">MASAJE CERVICAL:    <\/mark><\/p>\n\n\n\n<p class=\"has-text-align-center\">Masaje enfocado en cuello, hombros y trapecio.<\/p>\n\n\n\n<p>Beneficios:<\/p>\n\n\n\n<p>Libera tensi\u00f3n acumulada.<\/p>\n\n\n\n<p>Reduce dolores de cuello y rigidez.<\/p>\n\n\n\n<p>Mejora movilidad y postura.<\/p>\n\n\n\n<p>Valor: $20.990 <\/p>\n<\/div>\n\n\n\n<div class=\"wp-block-column is-layout-flow wp-block-column-is-layout-flow\">\n<p class=\"has-text-align-center\">MASAJE PODAL:<\/p>\n\n\n\n<p class=\"has-text-align-center\">Masaje de pies basado en zonas reflejas.<\/p>\n\n\n\n<p>Beneficios:<\/p>\n\n\n\n<p>Relaja y descarga tensi\u00f3n corporal general.<\/p>\n\n\n\n<p>Mejora circulaci\u00f3n en extremidades.<\/p>\n\n\n\n<p>Promueve bienestar profundo.<\/p>\n\n\n\n<p>Valor: $15.990<\/p>\n<\/div>\n<\/div>\n\n\n\n<div class=\"wp-block-columns is-layout-flex wp-container-core-columns-is-layout-28f84493 wp-block-columns-is-layout-flex\">\n<div class=\"wp-block-column is-layout-flow wp-block-column-is-layout-flow\">\n<figure class=\"wp-block-video\"><video height=\"480\" style=\"aspect-ratio: 854 \/ 480;\" width=\"854\" autoplay controls loop muted src=\"https:\/\/vibraenarmonia.cl\/wp-content\/uploads\/2026\/01\/1226.mp4\" playsinline><\/video><\/figure>\n<\/div>\n\n\n\n<div class=\"wp-block-column is-layout-flow wp-block-column-is-layout-flow\">\n<figure class=\"wp-block-video\"><video height=\"480\" style=\"aspect-ratio: 854 \/ 480;\" width=\"854\" autoplay controls loop muted src=\"https:\/\/vibraenarmonia.cl\/wp-content\/uploads\/2026\/01\/1227.mp4\" playsinline><\/video><\/figure>\n<\/div>\n<\/div>\n\n\n\n<div class=\"wp-block-columns is-layout-flex wp-container-core-columns-is-layout-28f84493 wp-block-columns-is-layout-flex\">\n<div class=\"wp-block-column is-layout-flow wp-block-column-is-layout-flow\">\n<p class=\"has-text-align-center\">MASAJE CARPIANO:<\/p>\n\n\n\n<p class=\"has-text-align-center\">Masaje en la zona de la mu\u00f1eca y mano.<\/p>\n\n\n\n<p>Beneficios:<\/p>\n\n\n\n<p>Disminuye molestias por uso repetitivo.<\/p>\n\n\n\n<p>Mejora movilidad y flexibilidad.<\/p>\n\n\n\n<p>Ideal para aliviar tensiones por trabajo manual.<\/p>\n\n\n\n<p>Valor: $20.990<\/p>\n<\/div>\n\n\n\n<div class=\"wp-block-column is-layout-flow wp-block-column-is-layout-flow\">\n<p class=\"has-text-align-center\">MASAJE LINF\u00c1TICO:<\/p>\n\n\n\n<p class=\"has-text-align-center\">Movimientos suaves y r\u00edtmicos que activan el sistema linf\u00e1tico.<\/p>\n\n\n\n<p>Beneficios:<\/p>\n\n\n\n<p>Elimina l\u00edquido y toxinas retenidas.<\/p>\n\n\n\n<p>Reduce inflamaci\u00f3n y edemas.<\/p>\n\n\n\n<p>Favorece el sistema inmunol\u00f3gico.<\/p>\n\n\n\n<p>Valor: $24.990 <\/p>\n<\/div>\n<\/div>\n\n\n\n<div class=\"wp-block-columns is-layout-flex wp-container-core-columns-is-layout-28f84493 wp-block-columns-is-layout-flex\">\n<div class=\"wp-block-column is-layout-flow wp-block-column-is-layout-flow\"><\/div>\n\n\n\n<div class=\"wp-block-column is-layout-flow wp-block-column-is-layout-flow\"><\/div>\n<\/div>\n\n\n\n<div class=\"wp-block-columns is-layout-flex wp-container-core-columns-is-layout-28f84493 wp-block-columns-is-layout-flex\">\n<div class=\"wp-block-column is-layout-flow wp-block-column-is-layout-flow\">\n<figure class=\"wp-block-video\"><video height=\"480\" style=\"aspect-ratio: 854 \/ 480;\" width=\"854\" autoplay controls loop muted src=\"https:\/\/vibraenarmonia.cl\/wp-content\/uploads\/2026\/01\/1230.mp4\" playsinline><\/video><\/figure>\n<\/div>\n\n\n\n<div class=\"wp-block-column is-layout-flow wp-block-column-is-layout-flow\">\n<figure class=\"wp-block-video\"><video height=\"480\" style=\"aspect-ratio: 854 \/ 480;\" width=\"854\" autoplay controls loop muted src=\"https:\/\/vibraenarmonia.cl\/wp-content\/uploads\/2026\/01\/1231-1.mp4\" playsinline><\/video><\/figure>\n<\/div>\n<\/div>\n\n\n\n<div class=\"wp-block-columns is-layout-flex wp-container-core-columns-is-layout-28f84493 wp-block-columns-is-layout-flex\">\n<div class=\"wp-block-column is-layout-flow wp-block-column-is-layout-flow\">\n<p class=\"has-text-align-center has-primary-color has-text-color has-link-color wp-elements-e145c3dd6ad86fb1adef98bc7d03b20a\">VENTOSAS Y PIEDRAS CALIENTES<\/p>\n\n\n\n<p class=\"has-text-align-center\">T\u00e9cnica con succi\u00f3n y aplicaci\u00f3n de piedras calientes.<\/p>\n\n\n\n<p>Beneficios:<\/p>\n\n\n\n<p>Libera tensiones musculares profundas.<\/p>\n\n\n\n<p>Estimula circulaci\u00f3n y energ\u00eda vital.<\/p>\n\n\n\n<p>Efecto muy relajante y desinflamante.<\/p>\n\n\n\n<p>Valor: $2.990<\/p>\n<\/div>\n\n\n\n<div class=\"wp-block-column is-layout-flow wp-block-column-is-layout-flow\">\n<p class=\"has-text-align-center\">MASAJE RELAJANTE<\/p>\n\n\n\n<p class=\"has-text-align-center\">Una terapia manual con movimientos suaves, largos y r\u00edtmicos. <\/p>\n\n\n\n<p>Beneficios:<\/p>\n\n\n\n<p>Reduce el estr\u00e9s y la ansiedad.<\/p>\n\n\n\n<p>Alivia la tensi\u00f3n muscular y el dolor.<\/p>\n\n\n\n<p>Promueve mejor descanso y sue\u00f1o.<\/p>\n\n\n\n<p>Valor: 27.990<\/p>\n<\/div>\n<\/div>\n\n\n\n<div class=\"wp-block-columns is-layout-flex wp-container-core-columns-is-layout-28f84493 wp-block-columns-is-layout-flex\">\n<div class=\"wp-block-column is-layout-flow wp-block-column-is-layout-flow\">\n<figure class=\"wp-block-video\"><video height=\"480\" style=\"aspect-ratio: 854 \/ 480;\" width=\"854\" autoplay controls muted src=\"https:\/\/vibraenarmonia.cl\/wp-content\/uploads\/2026\/01\/1229-1.mp4\" playsinline><\/video><\/figure>\n<\/div>\n\n\n\n<div class=\"wp-block-column is-layout-flow wp-block-column-is-layout-flow\">\n<figure class=\"wp-block-video\"><video height=\"480\" style=\"aspect-ratio: 854 \/ 480;\" width=\"854\" autoplay controls loop muted src=\"https:\/\/vibraenarmonia.cl\/wp-content\/uploads\/2026\/01\/0115.mp4\" playsinline><\/video><\/figure>\n<\/div>\n<\/div>\n\n\n\n<div class=\"wp-block-columns is-layout-flex wp-container-core-columns-is-layout-28f84493 wp-block-columns-is-layout-flex\">\n<div class=\"wp-block-column is-layout-flow wp-block-column-is-layout-flow\">\n<p class=\"has-text-align-center\">MASAJE DESCONTRACTURANTE<\/p>\n\n\n\n<p class=\"has-text-align-center\">T\u00e9cnica profunda para m\u00fasculos contra\u00eddos.<\/p>\n\n\n\n<p>Beneficios:<\/p>\n\n\n\n<p>Alivia contracturas intensas.<\/p>\n\n\n\n<p>Disminuye dolor muscular cr\u00f3nico.<\/p>\n\n\n\n<p>Relaja profundamente tejidos.<\/p>\n\n\n\n<p>Valor: $27.990<\/p>\n<\/div>\n\n\n\n<div class=\"wp-block-column is-layout-flow wp-block-column-is-layout-flow\">\n<p class=\"has-text-align-center\">MASAJE FACIAL<\/p>\n\n\n\n<p>Tratamiento relajante y revitalizante que estimula la piel del rostro mediante movimientos suaves y t\u00e9cnicas especializadas.<\/p>\n\n\n\n<p>Beneficios:<\/p>\n\n\n\n<p>Estimula la circulaci\u00f3n sangu\u00ednea y la oxigenaci\u00f3n de la piel.<\/p>\n\n\n\n<p>Ayuda a tonificar y reafirmar el rostro.<\/p>\n\n\n\n<p>Favorece la sensaci\u00f3n de descanso y bienestar general.<\/p>\n\n\n\n<p>Valor: $17.990<\/p>\n<\/div>\n<\/div>\n\n\n\n<div class=\"wp-block-columns is-layout-flex wp-container-core-columns-is-layout-28f84493 wp-block-columns-is-layout-flex\">\n<div class=\"wp-block-column is-layout-flow wp-block-column-is-layout-flow\">\n<figure class=\"wp-block-video\"><video height=\"480\" style=\"aspect-ratio: 854 \/ 480;\" width=\"854\" autoplay controls loop muted src=\"https:\/\/vibraenarmonia.cl\/wp-content\/uploads\/2026\/01\/0114.mp4\" playsinline><\/video><\/figure>\n<\/div>\n\n\n\n<div class=\"wp-block-column is-layout-flow wp-block-column-is-layout-flow\">\n<figure class=\"wp-block-video\"><video height=\"480\" style=\"aspect-ratio: 854 \/ 480;\" width=\"854\" autoplay controls loop muted src=\"https:\/\/vibraenarmonia.cl\/wp-content\/uploads\/2026\/01\/0113.mp4\" playsinline><\/video><\/figure>\n<\/div>\n<\/div>\n\n\n\n<div class=\"wp-block-columns is-layout-flex wp-container-core-columns-is-layout-28f84493 wp-block-columns-is-layout-flex\">\n<div class=\"wp-block-column is-layout-flow wp-block-column-is-layout-flow\">\n<div class=\"wp-block-columns is-layout-flex wp-container-core-columns-is-layout-28f84493 wp-block-columns-is-layout-flex\">\n<div class=\"wp-block-column is-layout-flow wp-block-column-is-layout-flow\">\n<p class=\"has-text-align-center\">MASAJE CRANEAL<\/p>\n\n\n\n<p>Una terapia relajante que se enfoca en el cuero cabelludo, cuello y zona superior del rostro.<\/p>\n<\/div>\n<\/div>\n\n\n\n<p>Beneficios:<\/p>\n\n\n\n<p>Alivia el estr\u00e9s y la tensi\u00f3n mental.<\/p>\n\n\n\n<p>Ayuda a reducir dolores de cabeza y migra\u00f1as.<\/p>\n\n\n\n<p>Favorece la relajaci\u00f3n profunda y el descanso.<\/p>\n\n\n\n<p>Valor: $20.990<\/p>\n<\/div>\n\n\n\n<div class=\"wp-block-column is-layout-flow wp-block-column-is-layout-flow\">\n<p class=\"has-text-align-center\">MASAJE AURICULAR<\/p>\n\n\n\n<p>T\u00e9cnica terap\u00e9utica y relajante que estimula puntos espec\u00edficos del o\u00eddo externo, ayudando a armonizar el cuerpo y la mente.<\/p>\n\n\n\n<p>Beneficios:<\/p>\n\n\n\n<p>Favorece la relajaci\u00f3n y reduce el estr\u00e9s.<\/p>\n\n\n\n<p>Ayuda a aliviar tensiones f\u00edsicas y mentales.<\/p>\n\n\n\n<p>Estimula puntos reflejos asociados al bienestar general.<\/p>\n\n\n\n<p>Valor: $11.990<\/p>\n<\/div>\n<\/div>\n\n\n\n<div class=\"wp-block-columns is-layout-flex wp-container-core-columns-is-layout-28f84493 wp-block-columns-is-layout-flex\">\n<div class=\"wp-block-column is-layout-flow wp-block-column-is-layout-flow\">\n<figure class=\"wp-block-video\"><video height=\"480\" style=\"aspect-ratio: 854 \/ 480;\" width=\"854\" autoplay controls muted src=\"https:\/\/vibraenarmonia.cl\/wp-content\/uploads\/2026\/01\/0112-1.mp4\" playsinline><\/video><\/figure>\n<\/div>\n\n\n\n<div class=\"wp-block-column is-layout-flow wp-block-column-is-layout-flow\"><\/div>\n<\/div>\n\n\n\n<div class=\"wp-block-columns is-layout-flex wp-container-core-columns-is-layout-28f84493 wp-block-columns-is-layout-flex\">\n<div class=\"wp-block-column is-layout-flow wp-block-column-is-layout-flow\">\n<p class=\"has-text-align-center\">MASAJE BRUXISMO<\/p>\n\n\n\n<p>Es un tratamiento terap\u00e9utico enfocado en relajar los m\u00fasculos de la mand\u00edbula, rostro y cuello.<\/p>\n\n\n\n<p>Beneficios:<\/p>\n\n\n\n<p>.Alivia la tensi\u00f3n y el dolor en mand\u00edbula y rostro.                             .Ayuda a reducir el apretamiento dental asociado al estr\u00e9s. .Disminuye molestias como dolor de cabeza y cervical.<\/p>\n\n\n\n<p>Valor: $15.990<\/p>\n<\/div>\n\n\n\n<div class=\"wp-block-column is-layout-flow wp-block-column-is-layout-flow\"><\/div>\n<\/div>\n\n\n\n<p><\/p>\n","protected":false},"excerpt":{"rendered":"<p>MASAJE CERVICAL: Masaje enfocado en cuello, hombros y trapecio. Beneficios: Libera tensi\u00f3n acumulada. Reduce dolores de cuello y rigidez. Mejora movilidad y postura. Valor: $20.990 MASAJE PODAL: Masaje de pies basado en zonas reflejas. Beneficios: Relaja y descarga tensi\u00f3n corporal general. Mejora circulaci\u00f3n en extremidades. Promueve bienestar profundo. Valor: $15.990 MASAJE CARPIANO: Masaje en la &hellip; <\/p>\n<p class=\"link-more\"><a href=\"https:\/\/vibraenarmonia.cl\/?page_id=419\" class=\"more-link\">Leer m\u00e1s<span class=\"screen-reader-text\"> \u00abRELAJACI\u00d3N Y ARMON\u00cdA\u00bb<\/span><\/a><\/p>\n","protected":false},"author":3,"featured_media":0,"parent":0,"menu_order":0,"comment_status":"closed","ping_status":"closed","template":"","meta":{"footnotes":""},"class_list":["post-419","page","type-page","status-publish","hentry"],"_links":{"self":[{"href":"https:\/\/vibraenarmonia.cl\/index.php?rest_route=\/wp\/v2\/pages\/419","targetHints":{"allow":["GET"]}}],"collection":[{"href":"https:\/\/vibraenarmonia.cl\/index.php?rest_route=\/wp\/v2\/pages"}],"about":[{"href":"https:\/\/vibraenarmonia.cl\/index.php?rest_route=\/wp\/v2\/types\/page"}],"author":[{"embeddable":true,"href":"https:\/\/vibraenarmonia.cl\/index.php?rest_route=\/wp\/v2\/users\/3"}],"replies":[{"embeddable":true,"href":"https:\/\/vibraenarmonia.cl\/index.php?rest_route=%2Fwp%2Fv2%2Fcomments&post=419"}],"version-history":[{"count":32,"href":"https:\/\/vibraenarmonia.cl\/index.php?rest_route=\/wp\/v2\/pages\/419\/revisions"}],"predecessor-version":[{"id":664,"href":"https:\/\/vibraenarmonia.cl\/index.php?rest_route=\/wp\/v2\/pages\/419\/revisions\/664"}],"wp:attachment":[{"href":"https:\/\/vibraenarmonia.cl\/index.php?rest_route=%2Fwp%2Fv2%2Fmedia&parent=419"}],"curies":[{"name":"wp","href":"https:\/\/api.w.org\/{rel}","templated":true}]}}