{"id":413,"date":"2026-01-02T12:24:24","date_gmt":"2026-01-02T15:24:24","guid":{"rendered":"https:\/\/vibraenarmonia.cl\/?page_id=413"},"modified":"2026-01-20T18:54:08","modified_gmt":"2026-01-20T21:54:08","slug":"alta-tecnologia","status":"publish","type":"page","link":"https:\/\/vibraenarmonia.cl\/?page_id=413","title":{"rendered":"ALTA TECNOLOG\u00cdA"},"content":{"rendered":"\n<div class=\"wp-block-columns is-layout-flex wp-container-core-columns-is-layout-28f84493 wp-block-columns-is-layout-flex\">\n<div class=\"wp-block-column is-layout-flow wp-block-column-is-layout-flow\">\n<figure class=\"wp-block-video\"><video height=\"480\" style=\"aspect-ratio: 854 \/ 480;\" width=\"854\" autoplay controls loop muted src=\"https:\/\/vibraenarmonia.cl\/wp-content\/uploads\/2026\/01\/1235.mp4\" playsinline><\/video><\/figure>\n<\/div>\n\n\n\n<div class=\"wp-block-column is-layout-flow wp-block-column-is-layout-flow\">\n<figure class=\"wp-block-video\"><video height=\"480\" style=\"aspect-ratio: 854 \/ 480;\" width=\"854\" autoplay controls loop muted src=\"https:\/\/vibraenarmonia.cl\/wp-content\/uploads\/2026\/01\/1231.mp4\" playsinline><\/video><\/figure>\n<\/div>\n<\/div>\n\n\n\n<div class=\"wp-block-columns is-layout-flex wp-container-core-columns-is-layout-28f84493 wp-block-columns-is-layout-flex\">\n<div class=\"wp-block-column is-layout-flow wp-block-column-is-layout-flow\">\n<p class=\"has-text-align-center\">SPA ASI\u00c1TICO<\/p>\n\n\n\n<p>Tratamientos tradicionales orientales con equipos y sistemas de \u00faltima generaci\u00f3n.<\/p>\n\n\n\n<p>Beneficios:<\/p>\n\n\n\n<p>Bienestar integral y relajaci\u00f3n profunda.<\/p>\n\n\n\n<p>Terapias no invasivas y seguras.<\/p>\n\n\n\n<p>Experiencia futurista y sensorial.<\/p>\n\n\n\n<p>Valor: $10.990<\/p>\n<\/div>\n\n\n\n<div class=\"wp-block-column is-layout-flow wp-block-column-is-layout-flow\">\n<p class=\"has-text-align-center\">PRESOTERAPIA<\/p>\n\n\n\n<p>Impulsa el flujo sangu\u00edneo y linf\u00e1tico, ayudando a reducir la retenci\u00f3n de l\u00edquidos.<\/p>\n\n\n\n<p>Beneficios:<\/p>\n\n\n\n<p>Reduce la apariencia de la celulitis y mejora el tono de piel.<\/p>\n\n\n\n<p>Detoxificaci\u00f3n natural.<\/p>\n\n\n\n<p>Sensaci\u00f3n de alivio y bienestar.<\/p>\n\n\n\n<p>Valor: $10.990<\/p>\n<\/div>\n<\/div>\n\n\n\n<div class=\"wp-block-columns is-layout-flex wp-container-core-columns-is-layout-28f84493 wp-block-columns-is-layout-flex\">\n<div class=\"wp-block-column is-layout-flow wp-block-column-is-layout-flow\">\n<figure class=\"wp-block-video\"><video height=\"480\" style=\"aspect-ratio: 854 \/ 480;\" width=\"854\" autoplay controls loop muted src=\"https:\/\/vibraenarmonia.cl\/wp-content\/uploads\/2026\/01\/0111.mp4\" playsinline><\/video><\/figure>\n<\/div>\n\n\n\n<div class=\"wp-block-column is-layout-flow wp-block-column-is-layout-flow\">\n<figure class=\"wp-block-video\"><video height=\"480\" style=\"aspect-ratio: 854 \/ 480;\" width=\"854\" autoplay controls loop muted src=\"https:\/\/vibraenarmonia.cl\/wp-content\/uploads\/2026\/01\/0110.mp4\" playsinline><\/video><\/figure>\n<\/div>\n<\/div>\n\n\n\n<div class=\"wp-block-columns is-layout-flex wp-container-core-columns-is-layout-28f84493 wp-block-columns-is-layout-flex\">\n<div class=\"wp-block-column is-layout-flow wp-block-column-is-layout-flow\">\n<p class=\"has-text-align-center\">LIPOL\u00c1SER<\/p>\n\n\n\n<p>Baja intensidad para ayudar a reducir grasa localizada y mejorar el contorno corporal.<\/p>\n\n\n\n<p>Beneficios: <\/p>\n\n\n\n<p>Ayuda a reducir grasa localizada. <\/p>\n\n\n\n<p>Contribuye a moldear y definir el contorno corporal. <\/p>\n\n\n\n<p>Favorece la eliminaci\u00f3n de toxinas y l\u00edquidos retenidos.<\/p>\n<\/div>\n\n\n\n<div class=\"wp-block-column is-layout-flow wp-block-column-is-layout-flow\">\n<p class=\"has-text-align-center\">ELECTROESTIMULACI\u00d3N<\/p>\n\n\n\n<p>Utiliza impulsos el\u00e9ctricos controlados para estimular los m\u00fasculos, favoreciendo su tonificaci\u00f3n y fortalecimiento.<\/p>\n\n\n\n<p>Beneficios: <\/p>\n\n\n\n<p>Ayuda a tonificar y fortalecer los m\u00fasculos. <\/p>\n\n\n\n<p>Contribuye a mejorar la circulaci\u00f3n sangu\u00ednea. <\/p>\n\n\n\n<p>Favorece la reducci\u00f3n de flacidez.<\/p>\n<\/div>\n<\/div>\n\n\n\n<div class=\"wp-block-columns is-layout-flex wp-container-core-columns-is-layout-28f84493 wp-block-columns-is-layout-flex\">\n<div class=\"wp-block-column is-layout-flow wp-block-column-is-layout-flow\">\n<figure class=\"wp-block-video\"><video height=\"480\" style=\"aspect-ratio: 854 \/ 480;\" width=\"854\" autoplay controls loop muted src=\"https:\/\/vibraenarmonia.cl\/wp-content\/uploads\/2026\/01\/0109.mp4\" playsinline><\/video><\/figure>\n<\/div>\n\n\n\n<div class=\"wp-block-column is-layout-flow wp-block-column-is-layout-flow\">\n<figure class=\"wp-block-image aligncenter size-full is-resized\"><img loading=\"lazy\" decoding=\"async\" width=\"500\" height=\"500\" src=\"https:\/\/vibraenarmonia.cl\/wp-content\/uploads\/2026\/01\/Diseno_sin_titulo_20241018_164725_0000-removebg-preview-1.png\" alt=\"\" class=\"wp-image-679\" style=\"width:335px;height:auto\" srcset=\"https:\/\/vibraenarmonia.cl\/wp-content\/uploads\/2026\/01\/Diseno_sin_titulo_20241018_164725_0000-removebg-preview-1.png 500w, https:\/\/vibraenarmonia.cl\/wp-content\/uploads\/2026\/01\/Diseno_sin_titulo_20241018_164725_0000-removebg-preview-1-300x300.png 300w, https:\/\/vibraenarmonia.cl\/wp-content\/uploads\/2026\/01\/Diseno_sin_titulo_20241018_164725_0000-removebg-preview-1-150x150.png 150w\" sizes=\"auto, (max-width: 500px) 100vw, 500px\" \/><\/figure>\n<\/div>\n<\/div>\n\n\n\n<div class=\"wp-block-columns is-layout-flex wp-container-core-columns-is-layout-28f84493 wp-block-columns-is-layout-flex\">\n<div class=\"wp-block-column is-layout-flow wp-block-column-is-layout-flow\">\n<p class=\"has-text-align-center\">RADIOFRECUENCIA<\/p>\n\n\n\n<p>Es un tratamiento est\u00e9tico no invasivo que utiliza energ\u00eda electromagn\u00e9tica para estimular la producci\u00f3n natural de col\u00e1geno y elastina.<\/p>\n\n\n\n<p>Beneficios:<\/p>\n\n\n\n<p>Estimula la producci\u00f3n de col\u00e1geno y elastina.<\/p>\n\n\n\n<p>Ayuda a reafirmar y tonificar la piel.<\/p>\n\n\n\n<p>Mejora la textura y elasticidad cut\u00e1nea.<\/p>\n<\/div>\n\n\n\n<div class=\"wp-block-column is-layout-flow wp-block-column-is-layout-flow\"><\/div>\n<\/div>\n","protected":false},"excerpt":{"rendered":"<p>SPA ASI\u00c1TICO Tratamientos tradicionales orientales con equipos y sistemas de \u00faltima generaci\u00f3n. Beneficios: Bienestar integral y relajaci\u00f3n profunda. Terapias no invasivas y seguras. Experiencia futurista y sensorial. Valor: $10.990 PRESOTERAPIA Impulsa el flujo sangu\u00edneo y linf\u00e1tico, ayudando a reducir la retenci\u00f3n de l\u00edquidos. Beneficios: Reduce la apariencia de la celulitis y mejora el tono de &hellip; <\/p>\n<p class=\"link-more\"><a href=\"https:\/\/vibraenarmonia.cl\/?page_id=413\" class=\"more-link\">Leer m\u00e1s<span class=\"screen-reader-text\"> \u00abALTA TECNOLOG\u00cdA\u00bb<\/span><\/a><\/p>\n","protected":false},"author":3,"featured_media":0,"parent":0,"menu_order":0,"comment_status":"closed","ping_status":"closed","template":"","meta":{"footnotes":""},"class_list":["post-413","page","type-page","status-publish","hentry"],"_links":{"self":[{"href":"https:\/\/vibraenarmonia.cl\/index.php?rest_route=\/wp\/v2\/pages\/413","targetHints":{"allow":["GET"]}}],"collection":[{"href":"https:\/\/vibraenarmonia.cl\/index.php?rest_route=\/wp\/v2\/pages"}],"about":[{"href":"https:\/\/vibraenarmonia.cl\/index.php?rest_route=\/wp\/v2\/types\/page"}],"author":[{"embeddable":true,"href":"https:\/\/vibraenarmonia.cl\/index.php?rest_route=\/wp\/v2\/users\/3"}],"replies":[{"embeddable":true,"href":"https:\/\/vibraenarmonia.cl\/index.php?rest_route=%2Fwp%2Fv2%2Fcomments&post=413"}],"version-history":[{"count":15,"href":"https:\/\/vibraenarmonia.cl\/index.php?rest_route=\/wp\/v2\/pages\/413\/revisions"}],"predecessor-version":[{"id":681,"href":"https:\/\/vibraenarmonia.cl\/index.php?rest_route=\/wp\/v2\/pages\/413\/revisions\/681"}],"wp:attachment":[{"href":"https:\/\/vibraenarmonia.cl\/index.php?rest_route=%2Fwp%2Fv2%2Fmedia&parent=413"}],"curies":[{"name":"wp","href":"https:\/\/api.w.org\/{rel}","templated":true}]}}