{"id":41,"date":"2025-12-21T18:05:07","date_gmt":"2025-12-21T21:05:07","guid":{"rendered":"https:\/\/vibraenarmonia.cl\/?page_id=41"},"modified":"2026-01-08T12:56:34","modified_gmt":"2026-01-08T15:56:34","slug":"pagina-de-inicio","status":"publish","type":"page","link":"https:\/\/vibraenarmonia.cl\/","title":{"rendered":"INICIO"},"content":{"rendered":"\n<div class=\"wp-block-columns is-layout-flex wp-container-core-columns-is-layout-28f84493 wp-block-columns-is-layout-flex\">\n<div class=\"wp-block-column is-layout-flow wp-block-column-is-layout-flow\">\n<figure class=\"wp-block-image aligncenter size-large is-resized\"><img loading=\"lazy\" decoding=\"async\" width=\"1024\" height=\"400\" src=\"https:\/\/vibraenarmonia.cl\/wp-content\/uploads\/2026\/01\/New-Project-1-1024x400.jpg\" alt=\"\" class=\"wp-image-521\" style=\"width:783px;height:auto\" srcset=\"https:\/\/vibraenarmonia.cl\/wp-content\/uploads\/2026\/01\/New-Project-1-1024x400.jpg 1024w, https:\/\/vibraenarmonia.cl\/wp-content\/uploads\/2026\/01\/New-Project-1-300x117.jpg 300w, https:\/\/vibraenarmonia.cl\/wp-content\/uploads\/2026\/01\/New-Project-1-2000x781.jpg 2000w, https:\/\/vibraenarmonia.cl\/wp-content\/uploads\/2026\/01\/New-Project-1.jpg 2048w\" sizes=\"auto, (max-width: 1024px) 100vw, 1024px\" \/><\/figure>\n<\/div>\n<\/div>\n\n\n\n<div class=\"wp-block-cover aligncenter is-light\" style=\"min-height:100vh;aspect-ratio:unset;\"><video class=\"wp-block-cover__video-background intrinsic-ignore\" autoplay muted loop playsinline src=\"https:\/\/vibraenarmonia.cl\/wp-content\/uploads\/2026\/01\/Luces-Cafe-\ud83c\udf08-FONDO-de-PANTALLA-con-MOVIMIENTO-VFX-\u30104K\u3011GRATIS-\u2705-no-copyright\ud83d\udcaa-2.mp4\" poster=\"https:\/\/vibraenarmonia.cl\/wp-content\/uploads\/2026\/01\/Luces-Cafe-\ud83c\udf08-FONDO-de-PANTALLA-con-MOVIMIENTO-VFX-\u30104K\u3011GRATIS-\u2705-no-copyright\ud83d\udcaa-1.mp4\" data-object-fit=\"cover\"><\/video><span aria-hidden=\"true\" class=\"wp-block-cover__background has-background-dim-20 has-background-dim\" style=\"background-color:#FFF\"><\/span><div class=\"wp-block-cover__inner-container has-global-padding is-layout-constrained wp-container-core-cover-is-layout-1c9ecd79 wp-block-cover-is-layout-constrained\">\n<p class=\"has-text-align-center has-white-color has-text-color has-max-60-font-size\" style=\"font-style:normal;font-weight:900;line-height:1.2\"><strong>BIENVENIDO A NUESTRO ESPACIO<\/strong><\/p>\n\n\n\n<div style=\"height:55px\" aria-hidden=\"true\" class=\"wp-block-spacer\"><\/div>\n\n\n\n<p class=\"has-text-align-center has-white-color has-text-color has-medium-font-size\"><strong>CENTRO INTEGRAL VIBRA EN ARMON\u00cdA<\/strong><\/p>\n\n\n\n<p class=\"has-text-align-center has-white-color has-text-color has-link-color wp-elements-8413f8d56dfa0629c99ff232dd81ee26\"><strong>&nbsp;CREEMOS QUE CADA PERSONA MERECE UN ESPACIO PARA CUIDAR SU BELLEZA, SALUD Y BIENESTAR<\/strong><\/p>\n<\/div><\/div>\n\n\n\n<div class=\"wp-block-group has-global-padding is-layout-constrained wp-block-group-is-layout-constrained\">\n<h2 class=\"wp-block-heading has-text-align-center has-white-background-color has-background has-medium-font-size\" style=\"letter-spacing:1px\">NUESTRO OBJETIVO<\/h2>\n\n\n\n<p class=\"has-text-align-left\"><strong><mark style=\"background-color:rgba(0, 0, 0, 0)\" class=\"has-inline-color has-primary-color\">Centro Integral Vibra en Armon\u00eda<\/mark><\/strong> <mark style=\"background-color:rgba(0, 0, 0, 0)\" class=\"has-inline-color has-primary-color\">es un espacio dedicado al bienestar, la belleza y el autocuidado consciente. Ofrecemos tratamientos est\u00e9ticos de alta tecnolog\u00eda en un entorno de calma, equilibrio y relajaci\u00f3n, pensados para brindarte una experiencia renovadora.<\/mark><\/p>\n\n\n\n<p class=\"has-text-align-left\"><mark style=\"background-color:rgba(0, 0, 0, 0)\" class=\"has-inline-color has-primary-color\">Creemos en una belleza integral, que cuida el cuerpo y la mente. Nos enfocamos en personas que valoran el autocuidado, buscan resultados visibles y desean regalarse un momento de desconexi\u00f3n en un ambiente profesional, c\u00e1lido y seguro.<\/mark><\/p>\n\n\n\n<p class=\"has-text-align-left\"><mark style=\"background-color:rgba(0, 0, 0, 0)\" class=\"has-inline-color has-primary-color\">En Vibra en Armon\u00eda combinamos tecnolog\u00eda, atenci\u00f3n personalizada y armon\u00eda, para que cada visita sea m\u00e1s que un tratamiento: sea una experiencia de bienestar y equilibrio.<\/mark><\/p>\n\n\n\n<p class=\"has-text-align-center has-secondary-color has-text-color has-link-color wp-elements-3e4739b7e95c8b7e98e410bf822507f8\"><mark style=\"background-color:rgba(0, 0, 0, 0)\" class=\"has-inline-color has-primary-color\">AGENDE SU HORA V\u00cdA WHATSAPP<\/mark><\/p>\n\n\n\n<figure class=\"wp-block-image aligncenter size-full is-resized\"><img loading=\"lazy\" decoding=\"async\" width=\"785\" height=\"318\" src=\"https:\/\/vibraenarmonia.cl\/wp-content\/uploads\/2025\/12\/Proyecto_nuevo-removebg-preview-1.png\" alt=\"\" class=\"wp-image-219\" style=\"width:291px;height:auto\" srcset=\"https:\/\/vibraenarmonia.cl\/wp-content\/uploads\/2025\/12\/Proyecto_nuevo-removebg-preview-1.png 785w, https:\/\/vibraenarmonia.cl\/wp-content\/uploads\/2025\/12\/Proyecto_nuevo-removebg-preview-1-300x122.png 300w\" sizes=\"auto, (max-width: 785px) 100vw, 785px\" \/><\/figure>\n<\/div>\n\n\n\n<div id=\"services\" class=\"wp-block-group alignfull pattern_multiple_covers has-background has-global-padding is-layout-constrained wp-block-group-is-layout-constrained\">\n<p class=\"has-text-align-center has-secondary-color has-text-color\" style=\"letter-spacing:1px\"><mark style=\"background-color:rgba(0, 0, 0, 0)\" class=\"has-inline-color has-primary-color\">DATE UN ESPACIO PARA TI<\/mark><\/p>\n\n\n\n<p class=\"has-text-align-left\"><mark style=\"background-color:rgba(0, 0, 0, 0)\" class=\"has-inline-color has-primary-color\">Servicios destacados: Depilaci\u00f3n cuatro \u2013 l\u00e1ser Limpiezas faciales y corporal Radiofrecuencia facial Masaje relajante Masaje reductivo Masaje descontracturante Masaje linf\u00e1tico Masajes deportivos Sauna Presoterapia Manicura.<\/mark><\/p>\n\n\n\n<p class=\"has-text-align-left\"><mark style=\"background-color:rgba(0, 0, 0, 0)\" class=\"has-inline-color has-foreground-color\">En Vibra en Armon\u00eda cada tratamiento est\u00e1 pensado para realzar tu belleza y bienestar con el mejor cuidado profesional.<\/mark><\/p>\n<\/div>\n\n\n\n<div class=\"wp-block-group alignfull has-global-padding is-layout-constrained wp-block-group-is-layout-constrained\">\n<div class=\"wp-block-group has-global-padding is-layout-constrained wp-block-group-is-layout-constrained\" style=\"padding-top:var(--wp--preset--spacing--small);padding-bottom:var(--wp--preset--spacing--small)\">\n<div style=\"height:30px\" aria-hidden=\"true\" class=\"wp-block-spacer\"><\/div>\n\n\n\n<figure class=\"wp-block-video\"><video height=\"720\" style=\"aspect-ratio: 1280 \/ 720;\" width=\"1280\" autoplay controls loop muted src=\"https:\/\/vibraenarmonia.cl\/wp-content\/uploads\/2025\/12\/lv-7545126789866097981-20251224120840-1.mp4\" playsinline><\/video><\/figure>\n\n\n\n<div class=\"wp-block-columns is-layout-flex wp-container-core-columns-is-layout-c375d253 wp-block-columns-is-layout-flex\">\n<div class=\"wp-block-column is-vertically-aligned-center is-layout-flow wp-block-column-is-layout-flow\">\n<h2 class=\"wp-block-heading has-text-align-left has-medium-font-size\" style=\"text-transform:uppercase\">NUESTRA UBICACI\u00d3N <\/h2>\n\n\n\n<p class=\"has-text-align-left\">Calle El Sauce 96, 439 Ca\u00f1ete, Bio Bio<\/p>\n\n\n\n<div class=\"wp-block-buttons is-horizontal is-content-justification-left is-layout-flex wp-container-core-buttons-is-layout-5849f1fd wp-block-buttons-is-layout-flex\">\n<div class=\"wp-block-button is-style-outline is-style-outline--1\"><a class=\"wp-block-button__link has-text-align-center wp-element-button\" href=\"https:\/\/www.bing.com\/maps\/search?v=2&amp;pc=FACEBK&amp;mid=8100&amp;mkt=es-ES&amp;fbclid=IwY2xjawO7ZM5leHRuA2FlbQIxMABzcnRjBmFwcF9pZBAyMjIwMzkxNzg4MjAwODkyAAEepNzI5rfUTkAq1YvZHJM97ouIWoAPcDx34BA2stOO6gY8hi7GiAXzq-9ufaw_aem_d8G5sIgShzymOQ5_MP_0TQ&amp;FORM=FBKPL1&amp;q=Av.+El+Sauce+%2396%2C+Condominio+Vista+Hermosa%2C+Ca%C3%B1ete.%2C+Ca%C3%B1ete%2C+Chile&amp;cp=-37.791284%7E-73.394201&amp;lvl=16&amp;style=r\" style=\"border-radius:0px\">GOOGLE MAPS<\/a><\/div>\n<\/div>\n\n\n\n<p><\/p>\n<\/div>\n\n\n\n<div class=\"wp-block-column is-layout-flow wp-block-column-is-layout-flow\">\n<figure style=\"margin-top:52px;margin-right:119px;margin-bottom:52px;margin-left:119px\" class=\"wp-block-video\"><video height=\"1920\" style=\"aspect-ratio: 1080 \/ 1920;\" width=\"1080\" autoplay controls loop muted src=\"https:\/\/vibraenarmonia.cl\/wp-content\/uploads\/2026\/01\/Reel-Instagram-Salon-de-Belleza-Negro-y-Blanco.mp4\" playsinline><\/video><\/figure>\n<\/div>\n<\/div>\n\n\n\n<div style=\"height:30px\" aria-hidden=\"true\" class=\"wp-block-spacer\"><\/div>\n<\/div>\n<\/div>\n\n\n\n<div id=\"team\" class=\"wp-block-group has-global-padding is-layout-constrained wp-block-group-is-layout-constrained\">\n<div class=\"wp-block-group is-layout-flow wp-block-group-is-layout-flow\">\n<h2 class=\"wp-block-heading has-text-align-center has-primary-color has-text-color has-link-color wp-elements-ce277ca2cf15e48c2c53c35cae589d87\">DUE\u00d1A CENTRO VIBRA EN ARMON\u00cdA<\/h2>\n\n\n\n<div style=\"height:27px\" aria-hidden=\"true\" class=\"wp-block-spacer\"><\/div>\n\n\n\n<div style=\"height:0px\" aria-hidden=\"true\" class=\"wp-block-spacer\"><\/div>\n\n\n\n<div class=\"wp-block-columns is-layout-flex wp-container-core-columns-is-layout-28f84493 wp-block-columns-is-layout-flex\">\n<div class=\"wp-block-column is-style-default is-layout-flow wp-block-column-is-layout-flow\" style=\"border-style:none;border-width:0px;padding-top:0;padding-right:0;padding-bottom:0;padding-left:0\"><\/div>\n\n\n\n<div class=\"wp-block-column is-style-default is-layout-flow wp-block-column-is-layout-flow\" style=\"border-style:none;border-width:0px;padding-top:0;padding-right:0;padding-bottom:0;padding-left:0\">\n<figure class=\"wp-block-image size-full\"><img loading=\"lazy\" decoding=\"async\" width=\"1707\" height=\"2560\" src=\"https:\/\/vibraenarmonia.cl\/wp-content\/uploads\/2025\/12\/IMG_0242-scaled.jpg\" alt=\"\" class=\"wp-image-231\" srcset=\"https:\/\/vibraenarmonia.cl\/wp-content\/uploads\/2025\/12\/IMG_0242-scaled.jpg 1707w, https:\/\/vibraenarmonia.cl\/wp-content\/uploads\/2025\/12\/IMG_0242-200x300.jpg 200w, https:\/\/vibraenarmonia.cl\/wp-content\/uploads\/2025\/12\/IMG_0242-683x1024.jpg 683w, https:\/\/vibraenarmonia.cl\/wp-content\/uploads\/2025\/12\/IMG_0242-2000x2999.jpg 2000w\" sizes=\"auto, (max-width: 1707px) 100vw, 1707px\" \/><\/figure>\n\n\n\n<h3 class=\"wp-block-heading has-text-align-center\">KAROL MORA<\/h3>\n\n\n\n<p class=\"has-text-align-center has-tertiary-color has-text-color has-link-color wp-elements-ef3d2a5fe6706b60086c78ea6384c1a0\"><mark style=\"background-color:rgba(0, 0, 0, 0)\" class=\"has-inline-color has-white-color\">DUE\u00d1A CENTRO VIBRA EN ARMON\u00cdA<\/mark><\/p>\n<\/div>\n\n\n\n<div class=\"wp-block-column is-style-default is-layout-flow wp-block-column-is-layout-flow\" style=\"border-style:none;border-width:0px;padding-top:0;padding-right:0;padding-bottom:0;padding-left:0\">\n<ul class=\"wp-block-social-links has-icon-color is-style-logos-only is-layout-flex wp-container-core-social-links-is-layout-5f86147d wp-block-social-links-is-layout-flex\"><\/ul>\n<\/div>\n<\/div>\n<\/div>\n<\/div>\n\n\n\n<p><\/p>\n","protected":false},"excerpt":{"rendered":"<p>NUESTRO OBJETIVO Centro Integral Vibra en Armon\u00eda es un espacio dedicado al bienestar, la belleza y el autocuidado consciente. Ofrecemos tratamientos est\u00e9ticos de alta tecnolog\u00eda en un entorno de calma, equilibrio y relajaci\u00f3n, pensados para brindarte una experiencia renovadora. Creemos en una belleza integral, que cuida el cuerpo y la mente. Nos enfocamos en personas &hellip; <\/p>\n<p class=\"link-more\"><a href=\"https:\/\/vibraenarmonia.cl\/\" class=\"more-link\">Leer m\u00e1s<span class=\"screen-reader-text\"> \u00abINICIO\u00bb<\/span><\/a><\/p>\n","protected":false},"author":3,"featured_media":0,"parent":0,"menu_order":0,"comment_status":"closed","ping_status":"closed","template":"page-templates\/homepage-builder-bb.php","meta":{"footnotes":""},"class_list":["post-41","page","type-page","status-publish","hentry"],"_links":{"self":[{"href":"https:\/\/vibraenarmonia.cl\/index.php?rest_route=\/wp\/v2\/pages\/41","targetHints":{"allow":["GET"]}}],"collection":[{"href":"https:\/\/vibraenarmonia.cl\/index.php?rest_route=\/wp\/v2\/pages"}],"about":[{"href":"https:\/\/vibraenarmonia.cl\/index.php?rest_route=\/wp\/v2\/types\/page"}],"author":[{"embeddable":true,"href":"https:\/\/vibraenarmonia.cl\/index.php?rest_route=\/wp\/v2\/users\/3"}],"replies":[{"embeddable":true,"href":"https:\/\/vibraenarmonia.cl\/index.php?rest_route=%2Fwp%2Fv2%2Fcomments&post=41"}],"version-history":[{"count":58,"href":"https:\/\/vibraenarmonia.cl\/index.php?rest_route=\/wp\/v2\/pages\/41\/revisions"}],"predecessor-version":[{"id":617,"href":"https:\/\/vibraenarmonia.cl\/index.php?rest_route=\/wp\/v2\/pages\/41\/revisions\/617"}],"wp:attachment":[{"href":"https:\/\/vibraenarmonia.cl\/index.php?rest_route=%2Fwp%2Fv2%2Fmedia&parent=41"}],"curies":[{"name":"wp","href":"https:\/\/api.w.org\/{rel}","templated":true}]}}